{"id":2,"date":"2026-02-20T10:51:27","date_gmt":"2026-02-20T10:51:27","guid":{"rendered":"http:\/\/ptpbcee.cluster121.hosting.ovh.net\/?page_id=2"},"modified":"2026-03-17T07:20:14","modified_gmt":"2026-03-17T07:20:14","slug":"mentions-legales","status":"publish","type":"page","link":"https:\/\/prouvys.com\/index.php\/mentions-legales\/","title":{"rendered":"Mentions l\u00e9gales"},"content":{"rendered":"\n<div class=\"wp-block-group is-nowrap is-layout-flex wp-container-core-group-is-layout-2394fe9f wp-block-group-is-layout-flex\" style=\"padding-left:0px\">\n<div class=\"wp-block-buttons has-custom-font-size has-small-font-size is-layout-flex wp-block-buttons-is-layout-flex\" style=\"border-top-left-radius:0px;border-top-right-radius:0px;border-bottom-left-radius:0px;border-bottom-right-radius:0px;padding-top:0px;padding-right:0px;padding-bottom:0px;padding-left:0px;line-height:1.2\">\n<div class=\"wp-block-button is-style-outline is-style-outline--1\"><a class=\"wp-block-button__link has-ast-global-color-4-background-color has-text-color has-background has-link-color wp-element-button\" href=\"\/\" style=\"border-top-left-radius:5px;border-top-right-radius:5px;border-bottom-left-radius:5px;border-bottom-right-radius:5px;color:#27496a;padding-top:8px;padding-right:8px;padding-bottom:8px;padding-left:8px\">\u2190 Retour <\/a><\/div>\n<\/div>\n\n\n\n<h1 class=\"wp-block-heading\">Mentions l\u00e9gales<\/h1>\n<\/div>\n\n\n\n<p style=\"margin-top:0px;margin-right:0px;margin-bottom:10px;margin-left:0px;padding-top:0px;padding-right:0px;padding-bottom:0px;padding-left:0px\">Le site <a href=\"http:\/\/www.prouvys.com\"><strong>www.prouvys.com<\/strong><\/a> est \u00e9dit\u00e9 par :<\/p>\n\n\n\n<blockquote class=\"wp-block-quote is-layout-flow wp-block-quote-is-layout-flow\" style=\"margin-top:0px;margin-right:0px;margin-bottom:0px;margin-left:0px;padding-top:0px;padding-right:0px;padding-bottom:0px;padding-left:10px\">\n<p><strong>PROUVYS<\/strong><br>Soci\u00e9t\u00e9 par actions simplifi\u00e9e (SAS) au capital de 10 000 \u20ac<br>Si\u00e8ge social : 12 rue de la basse brejoterie<br>Immatricul\u00e9e au RCS de Rennes sous le num\u00e9ro 102 250 933<br>SIRET : 102 250 933 00011<\/p>\n\n\n\n<p>Directeur de la publication : Pr\u00e9sident de la soci\u00e9t\u00e9<\/p>\n<\/blockquote>\n\n\n\n<p style=\"margin-top:0px;margin-right:0px;margin-bottom:0px;margin-left:0px;padding-top:0px;padding-right:0px;padding-bottom:10px;padding-left:0px\"><br>Le site <a href=\"http:\/\/www.prouvys.com\">www.prouvys.com<\/a> est h\u00e9berg\u00e9 par :<\/p>\n\n\n\n<blockquote class=\"wp-block-quote is-layout-flow wp-block-quote-is-layout-flow\" style=\"margin-top:0px;margin-right:0px;margin-bottom:0px;margin-left:0px;padding-top:0px;padding-right:0px;padding-bottom:0px;padding-left:10px\">\n<p style=\"line-height:1.3\"><strong>OVHcloud<br>2 rue Kellermann<br>59100 Roubaix<br>France<\/strong><\/p>\n<\/blockquote>\n\n\n\n<p><br><br><strong>Propri\u00e9t\u00e9 intellectuelle<\/strong><\/p>\n\n\n\n<blockquote class=\"wp-block-quote is-layout-flow wp-block-quote-is-layout-flow\" style=\"margin-top:0px;margin-right:0px;margin-bottom:0px;margin-left:0px;padding-top:0px;padding-right:0px;padding-bottom:0px;padding-left:10px\">\n<p style=\"line-height:1.3\">Le contenu du site prouvys.com (textes, structure, \u00e9l\u00e9ments graphiques, logo) est prot\u00e9g\u00e9 par le droit de la propri\u00e9t\u00e9 intellectuelle.<br>Toute reproduction ou diffusion sans autorisation pr\u00e9alable est interdite.<\/p>\n\n\n\n<p style=\"line-height:1.3\"><\/p>\n<\/blockquote>\n\n\n\n<p><\/p>\n\n\n\n<p><br><br><strong><strong>Responsabilit\u00e9<\/strong><\/strong><\/p>\n\n\n\n<blockquote class=\"wp-block-quote is-layout-flow wp-block-quote-is-layout-flow\" style=\"margin-top:0px;margin-right:0px;margin-bottom:0px;margin-left:0px;padding-top:0px;padding-right:0px;padding-bottom:0px;padding-left:10px\">\n<p style=\"line-height:1.3\">Les informations publi\u00e9es sur le site sont fournies \u00e0 titre informatif.<br>Prouvys s\u2019efforce d\u2019en assurer l\u2019exactitude et l\u2019actualisation, sans toutefois garantir l\u2019exhaustivit\u00e9.<\/p>\n\n\n\n<p style=\"line-height:1.3\">Prouvys ne saurait \u00eatre tenu responsable d\u2019une utilisation inappropri\u00e9e des informations publi\u00e9es.<\/p>\n<\/blockquote>\n\n\n\n<p><\/p>\n\n\n\n<p><br><br><strong><strong><strong>Donn\u00e9es personnelles (m\u00eame sans cookies)<\/strong><\/strong><\/strong><\/p>\n\n\n\n<blockquote class=\"wp-block-quote is-layout-flow wp-block-quote-is-layout-flow\" style=\"margin-top:0px;margin-right:0px;margin-bottom:0px;margin-left:0px;padding-top:0px;padding-right:0px;padding-bottom:0px;padding-left:10px\">\n<p style=\"line-height:1.3\">Les donn\u00e9es \u00e9ventuellement collect\u00e9es via le formulaire de contact sont utilis\u00e9es uniquement pour r\u00e9pondre aux demandes adress\u00e9es \u00e0 Prouvys.<br>Elles ne font l\u2019objet d\u2019aucune cession \u00e0 des tiers.<\/p>\n\n\n\n<p>Conform\u00e9ment au RGPD, toute personne dispose d\u2019un droit d\u2019acc\u00e8s, de rectification et de suppression des donn\u00e9es la concernant.<\/p>\n\n\n\n<p style=\"line-height:1.3\">Pour toute demande relative au site ou aux donn\u00e9es personnelles, un formulaire de contact est disponible sur le site.<\/p>\n<\/blockquote>\n\n\n\n<p style=\"margin-bottom:60px\"><\/p>\n","protected":false},"excerpt":{"rendered":"<p>Mentions l\u00e9gales Le site www.prouvys.com est \u00e9dit\u00e9 par : PROUVYSSoci\u00e9t\u00e9 par actions simplifi\u00e9e (SAS) au capital de 10 000 \u20acSi\u00e8ge [&hellip;]<\/p>\n","protected":false},"author":2,"featured_media":0,"parent":0,"menu_order":0,"comment_status":"closed","ping_status":"open","template":"","meta":{"_seopress_robots_primary_cat":"","_seopress_titles_title":"","_seopress_titles_desc":"","_seopress_robots_index":"","site-sidebar-layout":"default","site-content-layout":"","ast-site-content-layout":"default","site-content-style":"default","site-sidebar-style":"default","ast-global-header-display":"","ast-banner-title-visibility":"","ast-main-header-display":"disabled","ast-hfb-above-header-display":"","ast-hfb-below-header-display":"","ast-hfb-mobile-header-display":"disabled","site-post-title":"disabled","ast-breadcrumbs-content":"","ast-featured-img":"","footer-sml-layout":"","ast-disable-related-posts":"","theme-transparent-header-meta":"disabled","adv-header-id-meta":"","stick-header-meta":"","header-above-stick-meta":"","header-main-stick-meta":"","header-below-stick-meta":"","astra-migrate-meta-layouts":"default","ast-page-background-enabled":"default","ast-page-background-meta":{"desktop":{"background-color":"var(--ast-global-color-5)","background-image":"","background-repeat":"repeat","background-position":"center center","background-size":"auto","background-attachment":"scroll","background-type":"","background-media":"","overlay-type":"","overlay-color":"","overlay-opacity":"","overlay-gradient":""},"tablet":{"background-color":"","background-image":"","background-repeat":"repeat","background-position":"center center","background-size":"auto","background-attachment":"scroll","background-type":"","background-media":"","overlay-type":"","overlay-color":"","overlay-opacity":"","overlay-gradient":""},"mobile":{"background-color":"","background-image":"","background-repeat":"repeat","background-position":"center center","background-size":"auto","background-attachment":"scroll","background-type":"","background-media":"","overlay-type":"","overlay-color":"","overlay-opacity":"","overlay-gradient":""}},"ast-content-background-meta":{"desktop":{"background-color":"var(--ast-global-color-4)","background-image":"","background-repeat":"repeat","background-position":"center center","background-size":"auto","background-attachment":"scroll","background-type":"","background-media":"","overlay-type":"","overlay-color":"","overlay-opacity":"","overlay-gradient":""},"tablet":{"background-color":"var(--ast-global-color-4)","background-image":"","background-repeat":"repeat","background-position":"center center","background-size":"auto","background-attachment":"scroll","background-type":"","background-media":"","overlay-type":"","overlay-color":"","overlay-opacity":"","overlay-gradient":""},"mobile":{"background-color":"var(--ast-global-color-4)","background-image":"","background-repeat":"repeat","background-position":"center center","background-size":"auto","background-attachment":"scroll","background-type":"","background-media":"","overlay-type":"","overlay-color":"","overlay-opacity":"","overlay-gradient":""}},"footnotes":""},"class_list":["post-2","page","type-page","status-publish","hentry"],"_links":{"self":[{"href":"https:\/\/prouvys.com\/index.php\/wp-json\/wp\/v2\/pages\/2","targetHints":{"allow":["GET"]}}],"collection":[{"href":"https:\/\/prouvys.com\/index.php\/wp-json\/wp\/v2\/pages"}],"about":[{"href":"https:\/\/prouvys.com\/index.php\/wp-json\/wp\/v2\/types\/page"}],"author":[{"embeddable":true,"href":"https:\/\/prouvys.com\/index.php\/wp-json\/wp\/v2\/users\/2"}],"replies":[{"embeddable":true,"href":"https:\/\/prouvys.com\/index.php\/wp-json\/wp\/v2\/comments?post=2"}],"version-history":[{"count":14,"href":"https:\/\/prouvys.com\/index.php\/wp-json\/wp\/v2\/pages\/2\/revisions"}],"predecessor-version":[{"id":249,"href":"https:\/\/prouvys.com\/index.php\/wp-json\/wp\/v2\/pages\/2\/revisions\/249"}],"wp:attachment":[{"href":"https:\/\/prouvys.com\/index.php\/wp-json\/wp\/v2\/media?parent=2"}],"curies":[{"name":"wp","href":"https:\/\/api.w.org\/{rel}","templated":true}]}}